{"id":14,"date":"2017-10-19T15:33:54","date_gmt":"2017-10-19T13:33:54","guid":{"rendered":"http:\/\/www.plexi-light.fr\/?page_id=14"},"modified":"2025-04-29T15:06:59","modified_gmt":"2025-04-29T13:06:59","slug":"accueil","status":"publish","type":"page","link":"http:\/\/www.plexi-light.fr\/","title":{"rendered":"Accueil"},"content":{"rendered":"<section class=\"wpb-content-wrapper\"><p>[vc_section css=\u00a0\u00bb.vc_custom_1508420339465{margin-bottom: 0px !important;padding-top: 0px !important;padding-bottom: 0px !important;background-image: url(http:\/\/www.plexi-light.fr\/wp-content\/uploads\/2017\/10\/background.png?id=18) !important;background-position: center !important;background-repeat: no-repeat !important;background-size: cover !important;}\u00a0\u00bb][vc_row css=\u00a0\u00bb.vc_custom_1505916975248{margin-top: 20px !important;}\u00a0\u00bb][vc_column][vc_single_image image=\u00a0\u00bb22&Prime; img_size=\u00a0\u00bbfull\u00a0\u00bb alignment=\u00a0\u00bbcenter\u00a0\u00bb][vc_column_text css=\u00a0\u00bb.vc_custom_1508160202834{margin-top: 30px !important;}\u00a0\u00bb]<\/p>\n<h1 style=\"color: #edd14d; font-size: 45px; text-align: center; margin-bottom: 10px;\">Marquage publicitaire amovible &amp; lumineux<\/h1>\n<h2 style=\"color: #edd14d; text-align: center;\">Se pose et se d\u00e9pose \u00e0 volont\u00e9 !<\/h2>\n<p>[\/vc_column_text][\/vc_column][\/vc_row][vc_row css=\u00a0\u00bb.vc_custom_1505389065015{padding-top: 50px !important;}\u00a0\u00bb][vc_column][vc_single_image image=\u00a0\u00bb36&Prime; img_size=\u00a0\u00bbfull\u00a0\u00bb alignment=\u00a0\u00bbcenter\u00a0\u00bb css_animation=\u00a0\u00bbbounceInLeft\u00a0\u00bb][\/vc_column][\/vc_row][\/vc_section][vc_section full_width=\u00a0\u00bbstretch_row_content\u00a0\u00bb el_id=\u00a0\u00bbflexihero\u00a0\u00bb css=\u00a0\u00bb.vc_custom_1510573397411{margin-top: 0px !important;margin-bottom: 0px !important;padding-top: 0px !important;padding-bottom: 0px !important;background-color: #000000 !important;}\u00a0\u00bb][vc_row full_width=\u00a0\u00bbstretch_row\u00a0\u00bb css=\u00a0\u00bb.vc_custom_1505923918804{margin-right: 0px !important;margin-bottom: 0px !important;margin-left: 0px !important;padding-right: 0px !important;padding-bottom: 0px !important;padding-left: 0px !important;}\u00a0\u00bb][vc_column css=\u00a0\u00bb.vc_custom_1507299274231{margin-bottom: 0px !important;padding-bottom: 0px !important;}\u00a0\u00bb]\n\t\t\t<section class=\" imagebg videobg height-90 text-center\" data-overlay=\"4\">\n\t\t\t\t\n\t\t\t\t<div class=\"youtube-background\" data-video-url=\"hbMmDYOTCNc\" data-start-at=\"2\"><\/div>\n\t\t\t\t\n\t\t\t\t<div class=\"background-image-holder\">\n\t\t\t\t\t\n\t\t\t\t<\/div>\n\t\t\t\t\n\t\t\t\t<div class=\"container pos-vertical-center\">\n\t\t\t\t\t<div class=\"row\">\n\t\t\t\t\t\t<div class=\"col-sm-12\">[vc_column_text]<\/p>\n<h1 style=\"color: #333333; text-align: left;\"><span style=\"color: #ffffff;\">Le Plexi-light,<\/span><br \/>\n<span style=\"color: #ffffff;\"> marquage amovible et lumineux pour voiture.<\/span><\/h1>\n<div style=\"font-size: 17px;\">\n<p style=\"text-align: left;\"><span style=\"color: #ffffff;\">Le Plexi-Light est un nouveau concept unique en France de marquage publicitaire \u00e9lectro-lumineux pour v\u00e9hicule.<\/span><\/p>\n<p style=\"text-align: left;\"><span style=\"color: #ffffff;\">Il se pose \u00e0 l\u2019int\u00e9rieur du v\u00e9hicule contre la lunette arri\u00e8re et se d\u00e9pose \u00e0 volont\u00e9 et tr\u00e8s facilement gr\u00e2ce \u00e0 son syst\u00e8me de ventouses tr\u00e8s performant.<\/span><br \/>\n<span style=\"color: #ffffff;\"> Aucun collage ni m\u00eame fixation permanente n\u2019est n\u00e9cessaire.<\/span><\/p>\n<p style=\"text-align: left;\"><span style=\"color: #ffffff;\">Sur les 2\/3 inf\u00e9rieur du Plexi-light votre visuel est imprim\u00e9 avec la technologie \u00ab micro-perfor\u00e9 \u00bb pour voir de l\u2019int\u00e9rieur vers l\u2019ext\u00e9rieur en toute s\u00e9curit\u00e9 et avec un maximum de confort.<\/span><br \/>\n<span style=\"color: #ffffff;\"> Sur le 1\/3 sup\u00e9rieur, nous int\u00e9grons une source \u00e9lectro-luminescente qui permet d\u2019\u00e9clairer votre marque. Une fois le produit install\u00e9, il suffit de le brancher sur la prise allume-cigare du v\u00e9hicule.<\/span><\/p>\n<p style=\"text-align: left;\"><span style=\"color: #ffffff;\">2 formats standards sont disponibles et r\u00e9pondent \u00e0 l\u2019ensemble des v\u00e9hicules Fran\u00e7ais et europ\u00e9ens.<\/span><\/p>\n<p style=\"text-align: left;\"><span style=\"color: #ffffff;\">Gr\u00e2ce au Plexi Light, votre marque sera visible de jour comme de nuit !<\/span><\/p>\n<\/div>\n<p>[\/vc_column_text][vc_empty_space]\n\t\t\t<div class=\"alignleft modal-instance block\">\n\t\t\t    <div class=\"video-play-icon video-play-icon--sm modal-trigger\"><\/div>\n\t\t\t    <span><strong><\/strong>&nbsp;&nbsp;&nbsp;VOIR LA VID\u00c9O DE D\u00c9MO<\/span>\n\t\t\t    <div class=\"modal-container\">\n\t\t\t        <div class=\"modal-content bg-dark\" data-width=\"60%\" data-height=\"60%\">\n\t\t\t            <iframe loading=\"lazy\" title=\"Plexi Light, le marquage amovible et lumineux pour voiture\" width=\"533\" height=\"300\" src=\"https:\/\/www.youtube.com\/embed\/YQ83CpFGISE?autoplay=1\" frameborder=\"0\" allow=\"accelerometer; autoplay; clipboard-write; encrypted-media; gyroscope; picture-in-picture; web-share\" referrerpolicy=\"strict-origin-when-cross-origin\" allowfullscreen><\/iframe>\n\t\t\t        <\/div><!--end of modal-content-->\n\t\t\t    <\/div><!--end of modal-container-->\n\t\t\t<\/div><!--end of modal instance-->\n\t\t<\/div>\n\t\t\t\t\t<\/div>\n\t\t\t\t<\/div>\n\t\t<\/section>[\/vc_column][\/vc_row][\/vc_section][vc_section css=\u00a0\u00bb.vc_custom_1508421560295{margin-top: 0px !important;margin-bottom: 0px !important;padding-top: 20px !important;padding-bottom: 40px !important;background-color: #000000 !important;}\u00a0\u00bb][vc_row css=\u00a0\u00bb.vc_custom_1508156959929{margin-top: 0px !important;padding-top: 0px !important;}\u00a0\u00bb][vc_column][vc_column_text]<\/p>\n<h1 style=\"color: #edd14d; text-align: center; margin-bottom: 10px;\">S\u2019adapte \u00e0 l\u2019ensemble des v\u00e9hicules.<\/h1>\n<p>[\/vc_column_text][\/vc_column][\/vc_row][vc_row css=\u00a0\u00bb.vc_custom_1508155588106{margin-top: 20px !important;margin-bottom: 40px !important;}\u00a0\u00bb][vc_column width=\u00a0\u00bb1\/2&Prime;][vc_column_text]<\/p>\n<p style=\"text-align: center; color: #fff; font-size: 20px;\">JOUR<\/p>\n<p>[\/vc_column_text][\/vc_column][vc_column width=\u00a0\u00bb1\/2&Prime;][vc_column_text]<\/p>\n<p style=\"text-align: center; color: #fff; font-size: 20px;\">NUIT<\/p>\n<p>[\/vc_column_text][\/vc_column][\/vc_row][vc_row][vc_column][vc_single_image image=\u00a0\u00bb26&Prime; img_size=\u00a0\u00bbfull\u00a0\u00bb alignment=\u00a0\u00bbcenter\u00a0\u00bb][\/vc_column][\/vc_row][\/vc_section][vc_section css=\u00a0\u00bb.vc_custom_1509962518711{margin-top: 0px !important;margin-bottom: 0px !important;padding-top: 50px !important;padding-bottom: 50px !important;}\u00a0\u00bb][vc_row][vc_column][vc_single_image image=\u00a0\u00bb34&Prime; img_size=\u00a0\u00bbfull\u00a0\u00bb alignment=\u00a0\u00bbcenter\u00a0\u00bb][vc_empty_space height=\u00a0\u00bb10px\u00a0\u00bb css=\u00a0\u00bb.vc_custom_1509962651539{background-color: #ffffff !important;}\u00a0\u00bb][vc_single_image image=\u00a0\u00bb35&Prime; img_size=\u00a0\u00bbfull\u00a0\u00bb alignment=\u00a0\u00bbcenter\u00a0\u00bb][\/vc_column][\/vc_row][\/vc_section][vc_section css=\u00a0\u00bb.vc_custom_1508159077849{margin-bottom: 0px !important;padding-bottom: 0px !important;background-color: #edd14d !important;}\u00a0\u00bb][vc_row][vc_column][vc_empty_space height=\u00a0\u00bb25px\u00a0\u00bb css=\u00a0\u00bb.vc_custom_1508158993053{background-color: #edd14d !important;}\u00a0\u00bb][\/vc_column][\/vc_row][\/vc_section][vc_section][vc_row][vc_column][vc_column_text css=\u00a0\u00bb.vc_custom_1508160176636{margin-top: 30px !important;}\u00a0\u00bb]<\/p>\n<h1 style=\"text-align: center;\">Retrouvez nos autres produits phares !<\/h1>\n<p>[\/vc_column_text][\/vc_column][\/vc_row][vc_row][vc_column width=\u00a0\u00bb1\/3&Prime;][vc_single_image image=\u00a0\u00bb29&Prime; img_size=\u00a0\u00bbfull\u00a0\u00bb alignment=\u00a0\u00bbcenter\u00a0\u00bb onclick=\u00a0\u00bbcustom_link\u00a0\u00bb img_link_target=\u00a0\u00bb_blank\u00a0\u00bb link=\u00a0\u00bbhttp:\/\/www.plexi-pub.com\/\u00a0\u00bb][\/vc_column][vc_column width=\u00a0\u00bb1\/3&Prime;][vc_single_image image=\u00a0\u00bb30&Prime; img_size=\u00a0\u00bbfull\u00a0\u00bb alignment=\u00a0\u00bbcenter\u00a0\u00bb onclick=\u00a0\u00bbcustom_link\u00a0\u00bb img_link_target=\u00a0\u00bb_blank\u00a0\u00bb link=\u00a0\u00bbhttp:\/\/www.flexi-pub.fr\/\u00a0\u00bb][\/vc_column][vc_column width=\u00a0\u00bb1\/3&Prime;][vc_single_image image=\u00a0\u00bb31&Prime; img_size=\u00a0\u00bbfull\u00a0\u00bb alignment=\u00a0\u00bbcenter\u00a0\u00bb onclick=\u00a0\u00bbcustom_link\u00a0\u00bb img_link_target=\u00a0\u00bb_blank\u00a0\u00bb link=\u00a0\u00bbhttps:\/\/www.flexi-light.com\/\u00a0\u00bb][\/vc_column][\/vc_row][\/vc_section][vc_section css=\u00a0\u00bb.vc_custom_1508422510247{margin-bottom: 40px !important;padding-top: 30px !important;padding-bottom: 30px !important;background-image: url(http:\/\/www.plexi-light.fr\/wp-content\/uploads\/2017\/10\/promo-1.jpg?id=32) !important;background-position: center !important;background-repeat: no-repeat !important;background-size: cover !important;}\u00a0\u00bb][vc_row][vc_column width=\u00a0\u00bb1\/2&Prime;][vc_column_text]<\/p>\n<h3>Demandez des informations pour<br \/>\nvotre Plexi Light<\/h3>\n<hr class=\"short\" \/>\n<p>[\/vc_column_text][vc_column_text]<span><strong>Notre \u00e9quipe reste \u00e0 votre disposition du lundi au vendredi, de 9h00 \u00e0 12h00 et de 14h00 \u00e0 18h00 \u00e0 info@pub-adhesif.com<\/strong><br \/>\n<\/span>[\/vc_column_text][\/vc_column][vc_column width=\u00a0\u00bb1\/2&Prime;][\/vc_column][\/vc_row][\/vc_section]<\/p>\n<\/section>","protected":false},"excerpt":{"rendered":"<p>[vc_section css=\u00a0\u00bb.vc_custom_1508420339465{margin-bottom: 0px !important;padding-top: 0px !important;padding-bottom: 0px !important;background-image: url(http:\/\/www.plexi-light.fr\/wp-content\/uploads\/2017\/10\/background.png?id=18) !important;background-position: center !important;background-repeat: no-repeat !important;background-size: cover !important;}\u00a0\u00bb][vc_row css=\u00a0\u00bb.vc_custom_1505916975248{margin-top: 20px !important;}\u00a0\u00bb][vc_column][vc_single_image image=\u00a0\u00bb22&Prime; img_size=\u00a0\u00bbfull\u00a0\u00bb alignment=\u00a0\u00bbcenter\u00a0\u00bb][vc_column_text css=\u00a0\u00bb.vc_custom_1508160202834{margin-top: 30px !important;}\u00a0\u00bb] Marquage publicitaire amovible &amp; lumineux Se pose et se d\u00e9pose \u00e0 volont\u00e9 ! [\/vc_column_text][\/vc_column][\/vc_row][vc_row css=\u00a0\u00bb.vc_custom_1505389065015{padding-top: 50px !important;}\u00a0\u00bb][vc_column][vc_single_image image=\u00a0\u00bb36&Prime; img_size=\u00a0\u00bbfull\u00a0\u00bb alignment=\u00a0\u00bbcenter\u00a0\u00bb css_animation=\u00a0\u00bbbounceInLeft\u00a0\u00bb][\/vc_column][\/vc_row][\/vc_section][vc_section full_width=\u00a0\u00bbstretch_row_content\u00a0\u00bb el_id=\u00a0\u00bbflexihero\u00a0\u00bb css=\u00a0\u00bb.vc_custom_1510573397411{margin-top: 0px !important;margin-bottom: 0px !important;padding-top: 0px !important;padding-bottom: [&hellip;]<\/p>\n","protected":false},"author":1,"featured_media":0,"parent":0,"menu_order":0,"comment_status":"closed","ping_status":"closed","template":"page_no_sidebar.php","meta":{"footnotes":""},"class_list":["post-14","page","type-page","status-publish","hentry"],"aioseo_notices":[],"_links":{"self":[{"href":"http:\/\/www.plexi-light.fr\/index.php?rest_route=\/wp\/v2\/pages\/14","targetHints":{"allow":["GET"]}}],"collection":[{"href":"http:\/\/www.plexi-light.fr\/index.php?rest_route=\/wp\/v2\/pages"}],"about":[{"href":"http:\/\/www.plexi-light.fr\/index.php?rest_route=\/wp\/v2\/types\/page"}],"author":[{"embeddable":true,"href":"http:\/\/www.plexi-light.fr\/index.php?rest_route=\/wp\/v2\/users\/1"}],"replies":[{"embeddable":true,"href":"http:\/\/www.plexi-light.fr\/index.php?rest_route=%2Fwp%2Fv2%2Fcomments&post=14"}],"version-history":[{"count":0,"href":"http:\/\/www.plexi-light.fr\/index.php?rest_route=\/wp\/v2\/pages\/14\/revisions"}],"wp:attachment":[{"href":"http:\/\/www.plexi-light.fr\/index.php?rest_route=%2Fwp%2Fv2%2Fmedia&parent=14"}],"curies":[{"name":"wp","href":"https:\/\/api.w.org\/{rel}","templated":true}]}}